{"id":282,"date":"2025-08-04T21:13:38","date_gmt":"2025-08-04T19:13:38","guid":{"rendered":"https:\/\/xn--ra-agir-bya.com\/?page_id=282"},"modified":"2025-08-13T13:36:52","modified_gmt":"2025-08-13T11:36:52","slug":"elementor-282","status":"publish","type":"page","link":"https:\/\/xn--ra-agir-bya.com\/?page_id=282","title":{"rendered":"Formations en soins"},"content":{"rendered":"\t\t<div data-elementor-type=\"wp-page\" data-elementor-id=\"282\" class=\"elementor elementor-282\" data-elementor-post-type=\"page\">\n\t\t\t\t<div class=\"elementor-element elementor-element-fd9735b e-flex e-con-boxed e-con e-parent\" data-id=\"fd9735b\" data-element_type=\"container\">\n\t\t\t\t\t<div class=\"e-con-inner\">\n\t\t\t\t<div class=\"elementor-element elementor-element-a6c24f4 elementor-widget elementor-widget-heading\" data-id=\"a6c24f4\" data-element_type=\"widget\" data-widget_type=\"heading.default\">\n\t\t\t\t\t<h1 class=\"elementor-heading-title elementor-size-default\">Formations actualis\u00e9es et professionnalisantes<\/h1>\t\t\t\t<\/div>\n\t\t\t\t\t<\/div>\n\t\t\t\t<\/div>\n\t\t<div class=\"elementor-element elementor-element-ef9e118 e-flex e-con-boxed e-con e-parent\" data-id=\"ef9e118\" data-element_type=\"container\">\n\t\t\t\t\t<div class=\"e-con-inner\">\n\t\t\t\t<div class=\"elementor-element elementor-element-1ada5d3 elementor-widget-divider--view-line elementor-widget elementor-widget-divider\" data-id=\"1ada5d3\" data-element_type=\"widget\" data-widget_type=\"divider.default\">\n\t\t\t\t\t\t\t<div class=\"elementor-divider\">\n\t\t\t<span class=\"elementor-divider-separator\">\n\t\t\t\t\t\t<\/span>\n\t\t<\/div>\n\t\t\t\t\t\t<\/div>\n\t\t\t\t<div class=\"elementor-element elementor-element-8947797 elementor-widget elementor-widget-heading\" data-id=\"8947797\" data-element_type=\"widget\" data-widget_type=\"heading.default\">\n\t\t\t\t\t<h2 class=\"elementor-heading-title elementor-size-default\">Renforcez vos comp\u00e9tences cliniques avec des modules concrets, valid\u00e9s et applicables sur le terrain.<\/h2>\t\t\t\t<\/div>\n\t\t\t\t<div class=\"elementor-element elementor-element-65d66c8 elementor-widget-divider--view-line elementor-widget elementor-widget-divider\" data-id=\"65d66c8\" data-element_type=\"widget\" data-widget_type=\"divider.default\">\n\t\t\t\t\t\t\t<div class=\"elementor-divider\">\n\t\t\t<span class=\"elementor-divider-separator\">\n\t\t\t\t\t\t<\/span>\n\t\t<\/div>\n\t\t\t\t\t\t<\/div>\n\t\t\t\t<div class=\"elementor-element elementor-element-d8b3019 elementor-widget elementor-widget-text-editor\" data-id=\"d8b3019\" data-element_type=\"widget\" data-widget_type=\"text-editor.default\">\n\t\t\t\t\t\t\t\t\t<p>Une expertise clinique au service de pratiques s\u00fbres et actualis\u00e9es. Nos formations en soins s&rsquo;adressent aux professionnels de sant\u00e9 soucieux d&rsquo;\u00e9lever la qualit\u00e9 des prises en charges.\u00a0<\/p><p>Bas\u00e9es sur les recommandations officielles, elles s&rsquo;ancrent dans la r\u00e9alit\u00e9 du terrain gr\u00e2ce \u00e0 des cas cliniques concrets, une p\u00e9dagogie active et des objectifs op\u00e9rationnels avec pour mot d&rsquo;ordre : INTERACTIVITE.<\/p><p>Pour vous outiller avec rigueur, professionnalisme et efficacit\u00e9.<\/p>\t\t\t\t\t\t\t\t<\/div>\n\t\t\t\t<div class=\"elementor-element elementor-element-41c4670 elementor-widget-divider--view-line elementor-widget elementor-widget-divider\" data-id=\"41c4670\" data-element_type=\"widget\" data-widget_type=\"divider.default\">\n\t\t\t\t\t\t\t<div class=\"elementor-divider\">\n\t\t\t<span class=\"elementor-divider-separator\">\n\t\t\t\t\t\t<\/span>\n\t\t<\/div>\n\t\t\t\t\t\t<\/div>\n\t\t\t\t<div class=\"elementor-element elementor-element-7205395 elementor-widget elementor-widget-text-editor\" data-id=\"7205395\" data-element_type=\"widget\" data-widget_type=\"text-editor.default\">\n\t\t\t\t\t\t\t\t\t<p><strong>FORMATION PRISE EN CHARGE DU SUJET DOULOUREUX<\/strong><\/p><p><em>\u00ab\u00a0La douleur est le 4\u00e8me param\u00e8tre vital pour les anglosaxon, apprenez \u00e0 l&rsquo;\u00e9couter, la d\u00e9coder et l&rsquo;apaiser\u00a0\u00bb.<\/em><\/p><p>Ce que vous apprendrez :<\/p><ul><li>Distinguer douleurs aigu\u00ebs, chroniques, neuropathiques, induites par les soins,<\/li><li>Utiliser avec justesse les \u00e9chelles d&rsquo;\u00e9valuation chez les patients communicants et non-communicants,<\/li><li>Adapter la prise en charge \u00e0 l&rsquo;\u00e2ge, au contexte, \u00e0 l&rsquo;intensit\u00e9, au v\u00e9cu,<\/li><li>Appliquer les protocoles recommand\u00e9s et les alternatives non m\u00e9dicamenteuses,<\/li><\/ul><p>\u00a0<\/p>\t\t\t\t\t\t\t\t<\/div>\n\t\t\t\t<div class=\"elementor-element elementor-element-14b8fd2 elementor-widget elementor-widget-button\" data-id=\"14b8fd2\" data-element_type=\"widget\" data-widget_type=\"button.default\">\n\t\t\t\t\t\t\t\t\t\t<a class=\"elementor-button elementor-button-link elementor-size-sm\" href=\"https:\/\/xn--ra-agir-bya.com\/?page_id=456\">\n\t\t\t\t\t\t<span class=\"elementor-button-content-wrapper\">\n\t\t\t\t\t\t<span class=\"elementor-button-icon\">\n\t\t\t\t<svg aria-hidden=\"true\" class=\"e-font-icon-svg e-far-arrow-alt-circle-down\" viewBox=\"0 0 512 512\" xmlns=\"http:\/\/www.w3.org\/2000\/svg\"><path d=\"M256 8C119 8 8 119 8 256s111 248 248 248 248-111 248-248S393 8 256 8zm0 448c-110.5 0-200-89.5-200-200S145.5 56 256 56s200 89.5 200 200-89.5 200-200 200zm-32-316v116h-67c-10.7 0-16 12.9-8.5 20.5l99 99c4.7 4.7 12.3 4.7 17 0l99-99c7.6-7.6 2.2-20.5-8.5-20.5h-67V140c0-6.6-5.4-12-12-12h-40c-6.6 0-12 5.4-12 12z\"><\/path><\/svg>\t\t\t<\/span>\n\t\t\t\t\t\t\t\t\t<span class=\"elementor-button-text\">Evaluations des sessions de formation \"prise en charge du patient douloureux\"<\/span>\n\t\t\t\t\t<\/span>\n\t\t\t\t\t<\/a>\n\t\t\t\t\t\t\t\t<\/div>\n\t\t\t\t<div class=\"elementor-element elementor-element-97a0f34 elementor-widget elementor-widget-text-editor\" data-id=\"97a0f34\" data-element_type=\"widget\" data-widget_type=\"text-editor.default\">\n\t\t\t\t\t\t\t\t\t<p><strong>FORMATION PRISE EN CHARGE DU SUJET DIABETIQUE<\/strong><\/p><p>\u00ab\u00a0<em>Parce qu&rsquo;il n&rsquo;existe pas un seul diab\u00e8te type de diab\u00e8te, et qu&rsquo;il se traite pas seulement avec des chiffres. Il se vit, se pr\u00e9vient et s&rsquo;accompagne.\u00a0\u00bb<\/em><\/p><p>Ce que vous apprendrez :<\/p><ul><li>Comprendre les diff\u00e9rents types de diab\u00e8tes et les traitements associ\u00e9s,<\/li><li>R\u00e9agir en cas d&rsquo;urgences,<\/li><li>Pr\u00e9venir les complications,<\/li><li>Accompagner le patient dans son autonomie : hygi\u00e8ne de vie, \u00e9ducation th\u00e9rapeutique, adh\u00e9sion<\/li><\/ul><p>\u00a0<\/p>\t\t\t\t\t\t\t\t<\/div>\n\t\t\t\t<div class=\"elementor-element elementor-element-786023c elementor-widget elementor-widget-button\" data-id=\"786023c\" data-element_type=\"widget\" data-widget_type=\"button.default\">\n\t\t\t\t\t\t\t\t\t\t<a class=\"elementor-button elementor-button-link elementor-size-sm\" href=\"https:\/\/xn--ra-agir-bya.com\/?page_id=485\">\n\t\t\t\t\t\t<span class=\"elementor-button-content-wrapper\">\n\t\t\t\t\t\t<span class=\"elementor-button-icon\">\n\t\t\t\t<svg aria-hidden=\"true\" class=\"e-font-icon-svg e-far-arrow-alt-circle-down\" viewBox=\"0 0 512 512\" xmlns=\"http:\/\/www.w3.org\/2000\/svg\"><path d=\"M256 8C119 8 8 119 8 256s111 248 248 248 248-111 248-248S393 8 256 8zm0 448c-110.5 0-200-89.5-200-200S145.5 56 256 56s200 89.5 200 200-89.5 200-200 200zm-32-316v116h-67c-10.7 0-16 12.9-8.5 20.5l99 99c4.7 4.7 12.3 4.7 17 0l99-99c7.6-7.6 2.2-20.5-8.5-20.5h-67V140c0-6.6-5.4-12-12-12h-40c-6.6 0-12 5.4-12 12z\"><\/path><\/svg>\t\t\t<\/span>\n\t\t\t\t\t\t\t\t\t<span class=\"elementor-button-text\">Evaluations des sessions de formation \"prise en charge du patient diab\u00e9tique\"<\/span>\n\t\t\t\t\t<\/span>\n\t\t\t\t\t<\/a>\n\t\t\t\t\t\t\t\t<\/div>\n\t\t\t\t<div class=\"elementor-element elementor-element-2203e18 elementor-widget-divider--view-line elementor-widget elementor-widget-divider\" data-id=\"2203e18\" data-element_type=\"widget\" data-widget_type=\"divider.default\">\n\t\t\t\t\t\t\t<div class=\"elementor-divider\">\n\t\t\t<span class=\"elementor-divider-separator\">\n\t\t\t\t\t\t<\/span>\n\t\t<\/div>\n\t\t\t\t\t\t<\/div>\n\t\t\t\t<div class=\"elementor-element elementor-element-686d1d4 elementor-widget-divider--view-line elementor-widget elementor-widget-divider\" data-id=\"686d1d4\" data-element_type=\"widget\" data-widget_type=\"divider.default\">\n\t\t\t\t\t\t\t<div class=\"elementor-divider\">\n\t\t\t<span class=\"elementor-divider-separator\">\n\t\t\t\t\t\t<\/span>\n\t\t<\/div>\n\t\t\t\t\t\t<\/div>\n\t\t\t\t<div class=\"elementor-element elementor-element-be40805 elementor-widget elementor-widget-text-editor\" data-id=\"be40805\" data-element_type=\"widget\" data-widget_type=\"text-editor.default\">\n\t\t\t\t\t\t\t\t\t<p><strong>FORMATION PRISE EN CHARGE DU SUJET AGE<\/strong><\/p><p><em>\u00ab\u00a0Plus qu&rsquo;un patient, une personne en \u00e9quilibre fragile. A prot\u00e9ger, prot\u00e9ger, accompagner.\u00a0\u00bb<\/em><\/p><p>Ce que vous apprendrez :<\/p><ul><li>Identifier les syndromes g\u00e9riatriques : confusion, chutes, d\u00e9nutrition, d\u00e9pression, escarres,<\/li><li>Pr\u00e9venir le syndrome de glissement et les effets d\u00e9l\u00e9t\u00e8res du d\u00e9cubitus,<\/li><li>Adapter sa posture \u00e0 la communication alt\u00e9r\u00e9e (troubles cognitifs, sensoriels&#8230;),<\/li><li>R\u00e9agir avec justesse aux signaux faibles d&rsquo;alerte (maux flous, comportements inadapt\u00e9s&#8230;),<\/li><li>Mettre en place une d\u00e9marche de soins individualis\u00e9e, coordonn\u00e9e et \u00e9thique.<\/li><\/ul>\t\t\t\t\t\t\t\t<\/div>\n\t\t\t\t<div class=\"elementor-element elementor-element-3b60fe6 elementor-widget elementor-widget-button\" data-id=\"3b60fe6\" data-element_type=\"widget\" data-widget_type=\"button.default\">\n\t\t\t\t\t\t\t\t\t\t<a class=\"elementor-button elementor-button-link elementor-size-sm\" href=\"https:\/\/xn--ra-agir-bya.com\/?page_id=504\">\n\t\t\t\t\t\t<span class=\"elementor-button-content-wrapper\">\n\t\t\t\t\t\t<span class=\"elementor-button-icon\">\n\t\t\t\t<svg aria-hidden=\"true\" class=\"e-font-icon-svg e-far-arrow-alt-circle-down\" viewBox=\"0 0 512 512\" xmlns=\"http:\/\/www.w3.org\/2000\/svg\"><path d=\"M256 8C119 8 8 119 8 256s111 248 248 248 248-111 248-248S393 8 256 8zm0 448c-110.5 0-200-89.5-200-200S145.5 56 256 56s200 89.5 200 200-89.5 200-200 200zm-32-316v116h-67c-10.7 0-16 12.9-8.5 20.5l99 99c4.7 4.7 12.3 4.7 17 0l99-99c7.6-7.6 2.2-20.5-8.5-20.5h-67V140c0-6.6-5.4-12-12-12h-40c-6.6 0-12 5.4-12 12z\"><\/path><\/svg>\t\t\t<\/span>\n\t\t\t\t\t\t\t\t\t<span class=\"elementor-button-text\">Evaluations des sessions de formations \"prise en charge du sujet \u00e2g\u00e9\"<\/span>\n\t\t\t\t\t<\/span>\n\t\t\t\t\t<\/a>\n\t\t\t\t\t\t\t\t<\/div>\n\t\t\t\t\t<\/div>\n\t\t\t\t<\/div>\n\t\t<div class=\"elementor-element elementor-element-6f82dba e-flex e-con-boxed e-con e-parent\" data-id=\"6f82dba\" data-element_type=\"container\">\n\t\t\t\t\t<div class=\"e-con-inner\">\n\t\t\t\t<div class=\"elementor-element elementor-element-a642762 elementor-widget elementor-widget-text-editor\" data-id=\"a642762\" data-element_type=\"widget\" data-widget_type=\"text-editor.default\">\n\t\t\t\t\t\t\t\t\t<p><strong>Modalit\u00e9s de participation :<\/strong><\/p><p>Public concern\u00e9 :<\/p><ul><li>Infirmier dipl\u00f4m\u00e9 d&rsquo;Etat, Aide-soignant, Aide m\u00e9dico-psychologique, Agent de service hospitalier,<\/li><\/ul><p>Pr\u00e9-requis :<\/p><p>Aucun dipl\u00f4me sp\u00e9cifique requis, une exp\u00e9rience professionnelle dans le domaine concern\u00e9 est recommand\u00e9e.<\/p><p>Dur\u00e9e :<\/p><p>Entre 2 \u00e0 3 jours en fonction du sujet.<\/p>\t\t\t\t\t\t\t\t<\/div>\n\t\t\t\t\t<\/div>\n\t\t\t\t<\/div>\n\t\t\t\t<\/div>\n\t\t","protected":false},"excerpt":{"rendered":"<p>Formations actualis\u00e9es et professionnalisantes Renforcez vos comp\u00e9tences cliniques avec des modules concrets, valid\u00e9s et applicables sur le terrain. Une expertise clinique au service de pratiques s\u00fbres et actualis\u00e9es. Nos formations en soins s&rsquo;adressent aux professionnels de sant\u00e9 soucieux d&rsquo;\u00e9lever la qualit\u00e9 des prises en charges.\u00a0 Bas\u00e9es sur les recommandations officielles, elles s&rsquo;ancrent dans la r\u00e9alit\u00e9 [&hellip;]<\/p>\n","protected":false},"author":1,"featured_media":0,"parent":0,"menu_order":0,"comment_status":"closed","ping_status":"closed","template":"","meta":{"footnotes":""},"class_list":["post-282","page","type-page","status-publish","hentry"],"yoast_head":"<!-- This site is optimized with the Yoast SEO plugin v26.0 - https:\/\/yoast.com\/wordpress\/plugins\/seo\/ -->\n<title>Formations en soins - r\u00e9a-agir<\/title>\n<meta name=\"robots\" content=\"index, follow, max-snippet:-1, max-image-preview:large, max-video-preview:-1\" \/>\n<link rel=\"canonical\" href=\"https:\/\/xn--ra-agir-bya.com\/?page_id=282\" \/>\n<meta property=\"og:locale\" content=\"fr_FR\" \/>\n<meta property=\"og:type\" content=\"article\" \/>\n<meta property=\"og:title\" content=\"Formations en soins - r\u00e9a-agir\" \/>\n<meta property=\"og:description\" content=\"Formations actualis\u00e9es et professionnalisantes Renforcez vos comp\u00e9tences cliniques avec des modules concrets, valid\u00e9s et applicables sur le terrain. Une expertise clinique au service de pratiques s\u00fbres et actualis\u00e9es. Nos formations en soins s&rsquo;adressent aux professionnels de sant\u00e9 soucieux d&rsquo;\u00e9lever la qualit\u00e9 des prises en charges.\u00a0 Bas\u00e9es sur les recommandations officielles, elles s&rsquo;ancrent dans la r\u00e9alit\u00e9 [&hellip;]\" \/>\n<meta property=\"og:url\" content=\"https:\/\/xn--ra-agir-bya.com\/?page_id=282\" \/>\n<meta property=\"og:site_name\" content=\"r\u00e9a-agir\" \/>\n<meta property=\"article:modified_time\" content=\"2025-08-13T11:36:52+00:00\" \/>\n<meta name=\"twitter:card\" content=\"summary_large_image\" \/>\n<meta name=\"twitter:label1\" content=\"Dur\u00e9e de lecture estim\u00e9e\" \/>\n\t<meta name=\"twitter:data1\" content=\"2 minutes\" \/>\n<script type=\"application\/ld+json\" class=\"yoast-schema-graph\">{\"@context\":\"https:\/\/schema.org\",\"@graph\":[{\"@type\":\"WebPage\",\"@id\":\"https:\/\/xn--ra-agir-bya.com\/?page_id=282\",\"url\":\"https:\/\/xn--ra-agir-bya.com\/?page_id=282\",\"name\":\"Formations en soins - r\u00e9a-agir\",\"isPartOf\":{\"@id\":\"https:\/\/xn--ra-agir-bya.com\/#website\"},\"datePublished\":\"2025-08-04T19:13:38+00:00\",\"dateModified\":\"2025-08-13T11:36:52+00:00\",\"breadcrumb\":{\"@id\":\"https:\/\/xn--ra-agir-bya.com\/?page_id=282#breadcrumb\"},\"inLanguage\":\"fr-FR\",\"potentialAction\":[{\"@type\":\"ReadAction\",\"target\":[\"https:\/\/xn--ra-agir-bya.com\/?page_id=282\"]}]},{\"@type\":\"BreadcrumbList\",\"@id\":\"https:\/\/xn--ra-agir-bya.com\/?page_id=282#breadcrumb\",\"itemListElement\":[{\"@type\":\"ListItem\",\"position\":1,\"name\":\"Accueil\",\"item\":\"https:\/\/xn--ra-agir-bya.com\/\"},{\"@type\":\"ListItem\",\"position\":2,\"name\":\"Formations en soins\"}]},{\"@type\":\"WebSite\",\"@id\":\"https:\/\/xn--ra-agir-bya.com\/#website\",\"url\":\"https:\/\/xn--ra-agir-bya.com\/\",\"name\":\"r\u00e9a-agir.com\",\"description\":\"Un site utilisant WordPress\",\"publisher\":{\"@id\":\"https:\/\/xn--ra-agir-bya.com\/#organization\"},\"potentialAction\":[{\"@type\":\"SearchAction\",\"target\":{\"@type\":\"EntryPoint\",\"urlTemplate\":\"https:\/\/xn--ra-agir-bya.com\/?s={search_term_string}\"},\"query-input\":{\"@type\":\"PropertyValueSpecification\",\"valueRequired\":true,\"valueName\":\"search_term_string\"}}],\"inLanguage\":\"fr-FR\"},{\"@type\":\"Organization\",\"@id\":\"https:\/\/xn--ra-agir-bya.com\/#organization\",\"name\":\"r\u00e9a-agir.com\",\"url\":\"https:\/\/xn--ra-agir-bya.com\/\",\"logo\":{\"@type\":\"ImageObject\",\"inLanguage\":\"fr-FR\",\"@id\":\"https:\/\/xn--ra-agir-bya.com\/#\/schema\/logo\/image\/\",\"url\":\"https:\/\/xn--ra-agir-bya.com\/wp-content\/uploads\/2025\/06\/Logo-_Rea-agir_-avec-graphisme-ECG-1.png\",\"contentUrl\":\"https:\/\/xn--ra-agir-bya.com\/wp-content\/uploads\/2025\/06\/Logo-_Rea-agir_-avec-graphisme-ECG-1.png\",\"width\":1024,\"height\":1024,\"caption\":\"r\u00e9a-agir.com\"},\"image\":{\"@id\":\"https:\/\/xn--ra-agir-bya.com\/#\/schema\/logo\/image\/\"},\"sameAs\":[\"https:\/\/www.linkedin.com\/in\/nabila-guendouze-07801821\"]}]}<\/script>\n<!-- \/ Yoast SEO plugin. -->","yoast_head_json":{"title":"Formations en soins - r\u00e9a-agir","robots":{"index":"index","follow":"follow","max-snippet":"max-snippet:-1","max-image-preview":"max-image-preview:large","max-video-preview":"max-video-preview:-1"},"canonical":"https:\/\/xn--ra-agir-bya.com\/?page_id=282","og_locale":"fr_FR","og_type":"article","og_title":"Formations en soins - r\u00e9a-agir","og_description":"Formations actualis\u00e9es et professionnalisantes Renforcez vos comp\u00e9tences cliniques avec des modules concrets, valid\u00e9s et applicables sur le terrain. Une expertise clinique au service de pratiques s\u00fbres et actualis\u00e9es. Nos formations en soins s&rsquo;adressent aux professionnels de sant\u00e9 soucieux d&rsquo;\u00e9lever la qualit\u00e9 des prises en charges.\u00a0 Bas\u00e9es sur les recommandations officielles, elles s&rsquo;ancrent dans la r\u00e9alit\u00e9 [&hellip;]","og_url":"https:\/\/xn--ra-agir-bya.com\/?page_id=282","og_site_name":"r\u00e9a-agir","article_modified_time":"2025-08-13T11:36:52+00:00","twitter_card":"summary_large_image","twitter_misc":{"Dur\u00e9e de lecture estim\u00e9e":"2 minutes"},"schema":{"@context":"https:\/\/schema.org","@graph":[{"@type":"WebPage","@id":"https:\/\/xn--ra-agir-bya.com\/?page_id=282","url":"https:\/\/xn--ra-agir-bya.com\/?page_id=282","name":"Formations en soins - r\u00e9a-agir","isPartOf":{"@id":"https:\/\/xn--ra-agir-bya.com\/#website"},"datePublished":"2025-08-04T19:13:38+00:00","dateModified":"2025-08-13T11:36:52+00:00","breadcrumb":{"@id":"https:\/\/xn--ra-agir-bya.com\/?page_id=282#breadcrumb"},"inLanguage":"fr-FR","potentialAction":[{"@type":"ReadAction","target":["https:\/\/xn--ra-agir-bya.com\/?page_id=282"]}]},{"@type":"BreadcrumbList","@id":"https:\/\/xn--ra-agir-bya.com\/?page_id=282#breadcrumb","itemListElement":[{"@type":"ListItem","position":1,"name":"Accueil","item":"https:\/\/xn--ra-agir-bya.com\/"},{"@type":"ListItem","position":2,"name":"Formations en soins"}]},{"@type":"WebSite","@id":"https:\/\/xn--ra-agir-bya.com\/#website","url":"https:\/\/xn--ra-agir-bya.com\/","name":"r\u00e9a-agir.com","description":"Un site utilisant WordPress","publisher":{"@id":"https:\/\/xn--ra-agir-bya.com\/#organization"},"potentialAction":[{"@type":"SearchAction","target":{"@type":"EntryPoint","urlTemplate":"https:\/\/xn--ra-agir-bya.com\/?s={search_term_string}"},"query-input":{"@type":"PropertyValueSpecification","valueRequired":true,"valueName":"search_term_string"}}],"inLanguage":"fr-FR"},{"@type":"Organization","@id":"https:\/\/xn--ra-agir-bya.com\/#organization","name":"r\u00e9a-agir.com","url":"https:\/\/xn--ra-agir-bya.com\/","logo":{"@type":"ImageObject","inLanguage":"fr-FR","@id":"https:\/\/xn--ra-agir-bya.com\/#\/schema\/logo\/image\/","url":"https:\/\/xn--ra-agir-bya.com\/wp-content\/uploads\/2025\/06\/Logo-_Rea-agir_-avec-graphisme-ECG-1.png","contentUrl":"https:\/\/xn--ra-agir-bya.com\/wp-content\/uploads\/2025\/06\/Logo-_Rea-agir_-avec-graphisme-ECG-1.png","width":1024,"height":1024,"caption":"r\u00e9a-agir.com"},"image":{"@id":"https:\/\/xn--ra-agir-bya.com\/#\/schema\/logo\/image\/"},"sameAs":["https:\/\/www.linkedin.com\/in\/nabila-guendouze-07801821"]}]}},"_links":{"self":[{"href":"https:\/\/xn--ra-agir-bya.com\/index.php?rest_route=\/wp\/v2\/pages\/282","targetHints":{"allow":["GET"]}}],"collection":[{"href":"https:\/\/xn--ra-agir-bya.com\/index.php?rest_route=\/wp\/v2\/pages"}],"about":[{"href":"https:\/\/xn--ra-agir-bya.com\/index.php?rest_route=\/wp\/v2\/types\/page"}],"author":[{"embeddable":true,"href":"https:\/\/xn--ra-agir-bya.com\/index.php?rest_route=\/wp\/v2\/users\/1"}],"replies":[{"embeddable":true,"href":"https:\/\/xn--ra-agir-bya.com\/index.php?rest_route=%2Fwp%2Fv2%2Fcomments&post=282"}],"version-history":[{"count":38,"href":"https:\/\/xn--ra-agir-bya.com\/index.php?rest_route=\/wp\/v2\/pages\/282\/revisions"}],"predecessor-version":[{"id":515,"href":"https:\/\/xn--ra-agir-bya.com\/index.php?rest_route=\/wp\/v2\/pages\/282\/revisions\/515"}],"wp:attachment":[{"href":"https:\/\/xn--ra-agir-bya.com\/index.php?rest_route=%2Fwp%2Fv2%2Fmedia&parent=282"}],"curies":[{"name":"wp","href":"https:\/\/api.w.org\/{rel}","templated":true}]}}