{"id":504,"date":"2025-08-12T18:29:55","date_gmt":"2025-08-12T16:29:55","guid":{"rendered":"https:\/\/xn--ra-agir-bya.com\/?page_id=504"},"modified":"2025-08-13T13:29:12","modified_gmt":"2025-08-13T11:29:12","slug":"evaluations-des-sessions-de-formation-prise-en-charge-du-sujet-age","status":"publish","type":"page","link":"https:\/\/xn--ra-agir-bya.com\/?page_id=504","title":{"rendered":"Evaluations des sessions de formation \u00ab\u00a0prise en charge du sujet \u00e2g\u00e9\u00a0\u00bb"},"content":{"rendered":"\t\t<div data-elementor-type=\"wp-page\" data-elementor-id=\"504\" class=\"elementor elementor-504\" data-elementor-post-type=\"page\">\n\t\t\t\t<div class=\"elementor-element elementor-element-07b727a e-flex e-con-boxed e-con e-parent\" data-id=\"07b727a\" data-element_type=\"container\">\n\t\t\t\t\t<div class=\"e-con-inner\">\n\t\t\t\t<div class=\"elementor-element elementor-element-8f28a51 elementor-widget elementor-widget-image\" data-id=\"8f28a51\" data-element_type=\"widget\" data-widget_type=\"image.default\">\n\t\t\t\t\t\t\t\t\t\t\t\t<figure class=\"wp-caption\">\n\t\t\t\t\t\t\t\t\t\t<img fetchpriority=\"high\" decoding=\"async\" width=\"768\" height=\"304\" src=\"https:\/\/xn--ra-agir-bya.com\/wp-content\/uploads\/2025\/08\/capture-PA-768x304.png\" class=\"attachment-medium_large size-medium_large wp-image-509\" alt=\"\" srcset=\"https:\/\/xn--ra-agir-bya.com\/wp-content\/uploads\/2025\/08\/capture-PA-768x304.png 768w, https:\/\/xn--ra-agir-bya.com\/wp-content\/uploads\/2025\/08\/capture-PA-300x119.png 300w, https:\/\/xn--ra-agir-bya.com\/wp-content\/uploads\/2025\/08\/capture-PA-600x238.png 600w, https:\/\/xn--ra-agir-bya.com\/wp-content\/uploads\/2025\/08\/capture-PA.png 961w\" sizes=\"(max-width: 768px) 100vw, 768px\" \/>\t\t\t\t\t\t\t\t\t\t\t<figcaption class=\"widget-image-caption wp-caption-text\">Session Juillet 2025<\/figcaption>\n\t\t\t\t\t\t\t\t\t\t<\/figure>\n\t\t\t\t\t\t\t\t\t<\/div>\n\t\t\t\t\t<\/div>\n\t\t\t\t<\/div>\n\t\t\t\t<\/div>\n\t\t","protected":false},"excerpt":{"rendered":"<p>Session Juillet 2025<\/p>\n","protected":false},"author":1,"featured_media":0,"parent":0,"menu_order":0,"comment_status":"closed","ping_status":"closed","template":"","meta":{"footnotes":""},"class_list":["post-504","page","type-page","status-publish","hentry"],"yoast_head":"<!-- This site is optimized with the Yoast SEO plugin v26.0 - https:\/\/yoast.com\/wordpress\/plugins\/seo\/ -->\n<title>Evaluations des sessions de formation &quot;prise en charge du sujet \u00e2g\u00e9&quot; - r\u00e9a-agir<\/title>\n<meta name=\"robots\" content=\"index, follow, max-snippet:-1, max-image-preview:large, max-video-preview:-1\" \/>\n<link rel=\"canonical\" href=\"https:\/\/xn--ra-agir-bya.com\/?page_id=504\" \/>\n<meta property=\"og:locale\" content=\"fr_FR\" \/>\n<meta property=\"og:type\" content=\"article\" \/>\n<meta property=\"og:title\" content=\"Evaluations des sessions de formation &quot;prise en charge du sujet \u00e2g\u00e9&quot; - r\u00e9a-agir\" \/>\n<meta property=\"og:description\" content=\"Session Juillet 2025\" \/>\n<meta property=\"og:url\" content=\"https:\/\/xn--ra-agir-bya.com\/?page_id=504\" \/>\n<meta property=\"og:site_name\" content=\"r\u00e9a-agir\" \/>\n<meta property=\"article:modified_time\" content=\"2025-08-13T11:29:12+00:00\" \/>\n<meta property=\"og:image\" content=\"https:\/\/xn--ra-agir-bya.com\/wp-content\/uploads\/2025\/08\/capture-PA.png\" \/>\n\t<meta property=\"og:image:width\" content=\"961\" \/>\n\t<meta property=\"og:image:height\" content=\"381\" \/>\n\t<meta property=\"og:image:type\" content=\"image\/png\" \/>\n<meta name=\"twitter:card\" content=\"summary_large_image\" \/>\n<meta name=\"twitter:label1\" content=\"Dur\u00e9e de lecture estim\u00e9e\" \/>\n\t<meta name=\"twitter:data1\" content=\"1 minute\" \/>\n<script type=\"application\/ld+json\" class=\"yoast-schema-graph\">{\"@context\":\"https:\/\/schema.org\",\"@graph\":[{\"@type\":\"WebPage\",\"@id\":\"https:\/\/xn--ra-agir-bya.com\/?page_id=504\",\"url\":\"https:\/\/xn--ra-agir-bya.com\/?page_id=504\",\"name\":\"Evaluations des sessions de formation \\\"prise en charge du sujet \u00e2g\u00e9\\\" - r\u00e9a-agir\",\"isPartOf\":{\"@id\":\"https:\/\/xn--ra-agir-bya.com\/#website\"},\"primaryImageOfPage\":{\"@id\":\"https:\/\/xn--ra-agir-bya.com\/?page_id=504#primaryimage\"},\"image\":{\"@id\":\"https:\/\/xn--ra-agir-bya.com\/?page_id=504#primaryimage\"},\"thumbnailUrl\":\"https:\/\/xn--ra-agir-bya.com\/wp-content\/uploads\/2025\/08\/capture-PA-768x304.png\",\"datePublished\":\"2025-08-12T16:29:55+00:00\",\"dateModified\":\"2025-08-13T11:29:12+00:00\",\"breadcrumb\":{\"@id\":\"https:\/\/xn--ra-agir-bya.com\/?page_id=504#breadcrumb\"},\"inLanguage\":\"fr-FR\",\"potentialAction\":[{\"@type\":\"ReadAction\",\"target\":[\"https:\/\/xn--ra-agir-bya.com\/?page_id=504\"]}]},{\"@type\":\"ImageObject\",\"inLanguage\":\"fr-FR\",\"@id\":\"https:\/\/xn--ra-agir-bya.com\/?page_id=504#primaryimage\",\"url\":\"https:\/\/xn--ra-agir-bya.com\/wp-content\/uploads\/2025\/08\/capture-PA.png\",\"contentUrl\":\"https:\/\/xn--ra-agir-bya.com\/wp-content\/uploads\/2025\/08\/capture-PA.png\",\"width\":961,\"height\":381},{\"@type\":\"BreadcrumbList\",\"@id\":\"https:\/\/xn--ra-agir-bya.com\/?page_id=504#breadcrumb\",\"itemListElement\":[{\"@type\":\"ListItem\",\"position\":1,\"name\":\"Accueil\",\"item\":\"https:\/\/xn--ra-agir-bya.com\/\"},{\"@type\":\"ListItem\",\"position\":2,\"name\":\"Evaluations des sessions de formation \u00ab\u00a0prise en charge du sujet \u00e2g\u00e9\u00a0\u00bb\"}]},{\"@type\":\"WebSite\",\"@id\":\"https:\/\/xn--ra-agir-bya.com\/#website\",\"url\":\"https:\/\/xn--ra-agir-bya.com\/\",\"name\":\"r\u00e9a-agir.com\",\"description\":\"Un site utilisant WordPress\",\"publisher\":{\"@id\":\"https:\/\/xn--ra-agir-bya.com\/#organization\"},\"potentialAction\":[{\"@type\":\"SearchAction\",\"target\":{\"@type\":\"EntryPoint\",\"urlTemplate\":\"https:\/\/xn--ra-agir-bya.com\/?s={search_term_string}\"},\"query-input\":{\"@type\":\"PropertyValueSpecification\",\"valueRequired\":true,\"valueName\":\"search_term_string\"}}],\"inLanguage\":\"fr-FR\"},{\"@type\":\"Organization\",\"@id\":\"https:\/\/xn--ra-agir-bya.com\/#organization\",\"name\":\"r\u00e9a-agir.com\",\"url\":\"https:\/\/xn--ra-agir-bya.com\/\",\"logo\":{\"@type\":\"ImageObject\",\"inLanguage\":\"fr-FR\",\"@id\":\"https:\/\/xn--ra-agir-bya.com\/#\/schema\/logo\/image\/\",\"url\":\"https:\/\/xn--ra-agir-bya.com\/wp-content\/uploads\/2025\/06\/Logo-_Rea-agir_-avec-graphisme-ECG-1.png\",\"contentUrl\":\"https:\/\/xn--ra-agir-bya.com\/wp-content\/uploads\/2025\/06\/Logo-_Rea-agir_-avec-graphisme-ECG-1.png\",\"width\":1024,\"height\":1024,\"caption\":\"r\u00e9a-agir.com\"},\"image\":{\"@id\":\"https:\/\/xn--ra-agir-bya.com\/#\/schema\/logo\/image\/\"},\"sameAs\":[\"https:\/\/www.linkedin.com\/in\/nabila-guendouze-07801821\"]}]}<\/script>\n<!-- \/ Yoast SEO plugin. -->","yoast_head_json":{"title":"Evaluations des sessions de formation \"prise en charge du sujet \u00e2g\u00e9\" - r\u00e9a-agir","robots":{"index":"index","follow":"follow","max-snippet":"max-snippet:-1","max-image-preview":"max-image-preview:large","max-video-preview":"max-video-preview:-1"},"canonical":"https:\/\/xn--ra-agir-bya.com\/?page_id=504","og_locale":"fr_FR","og_type":"article","og_title":"Evaluations des sessions de formation \"prise en charge du sujet \u00e2g\u00e9\" - r\u00e9a-agir","og_description":"Session Juillet 2025","og_url":"https:\/\/xn--ra-agir-bya.com\/?page_id=504","og_site_name":"r\u00e9a-agir","article_modified_time":"2025-08-13T11:29:12+00:00","og_image":[{"width":961,"height":381,"url":"https:\/\/xn--ra-agir-bya.com\/wp-content\/uploads\/2025\/08\/capture-PA.png","type":"image\/png"}],"twitter_card":"summary_large_image","twitter_misc":{"Dur\u00e9e de lecture estim\u00e9e":"1 minute"},"schema":{"@context":"https:\/\/schema.org","@graph":[{"@type":"WebPage","@id":"https:\/\/xn--ra-agir-bya.com\/?page_id=504","url":"https:\/\/xn--ra-agir-bya.com\/?page_id=504","name":"Evaluations des sessions de formation \"prise en charge du sujet \u00e2g\u00e9\" - r\u00e9a-agir","isPartOf":{"@id":"https:\/\/xn--ra-agir-bya.com\/#website"},"primaryImageOfPage":{"@id":"https:\/\/xn--ra-agir-bya.com\/?page_id=504#primaryimage"},"image":{"@id":"https:\/\/xn--ra-agir-bya.com\/?page_id=504#primaryimage"},"thumbnailUrl":"https:\/\/xn--ra-agir-bya.com\/wp-content\/uploads\/2025\/08\/capture-PA-768x304.png","datePublished":"2025-08-12T16:29:55+00:00","dateModified":"2025-08-13T11:29:12+00:00","breadcrumb":{"@id":"https:\/\/xn--ra-agir-bya.com\/?page_id=504#breadcrumb"},"inLanguage":"fr-FR","potentialAction":[{"@type":"ReadAction","target":["https:\/\/xn--ra-agir-bya.com\/?page_id=504"]}]},{"@type":"ImageObject","inLanguage":"fr-FR","@id":"https:\/\/xn--ra-agir-bya.com\/?page_id=504#primaryimage","url":"https:\/\/xn--ra-agir-bya.com\/wp-content\/uploads\/2025\/08\/capture-PA.png","contentUrl":"https:\/\/xn--ra-agir-bya.com\/wp-content\/uploads\/2025\/08\/capture-PA.png","width":961,"height":381},{"@type":"BreadcrumbList","@id":"https:\/\/xn--ra-agir-bya.com\/?page_id=504#breadcrumb","itemListElement":[{"@type":"ListItem","position":1,"name":"Accueil","item":"https:\/\/xn--ra-agir-bya.com\/"},{"@type":"ListItem","position":2,"name":"Evaluations des sessions de formation \u00ab\u00a0prise en charge du sujet \u00e2g\u00e9\u00a0\u00bb"}]},{"@type":"WebSite","@id":"https:\/\/xn--ra-agir-bya.com\/#website","url":"https:\/\/xn--ra-agir-bya.com\/","name":"r\u00e9a-agir.com","description":"Un site utilisant WordPress","publisher":{"@id":"https:\/\/xn--ra-agir-bya.com\/#organization"},"potentialAction":[{"@type":"SearchAction","target":{"@type":"EntryPoint","urlTemplate":"https:\/\/xn--ra-agir-bya.com\/?s={search_term_string}"},"query-input":{"@type":"PropertyValueSpecification","valueRequired":true,"valueName":"search_term_string"}}],"inLanguage":"fr-FR"},{"@type":"Organization","@id":"https:\/\/xn--ra-agir-bya.com\/#organization","name":"r\u00e9a-agir.com","url":"https:\/\/xn--ra-agir-bya.com\/","logo":{"@type":"ImageObject","inLanguage":"fr-FR","@id":"https:\/\/xn--ra-agir-bya.com\/#\/schema\/logo\/image\/","url":"https:\/\/xn--ra-agir-bya.com\/wp-content\/uploads\/2025\/06\/Logo-_Rea-agir_-avec-graphisme-ECG-1.png","contentUrl":"https:\/\/xn--ra-agir-bya.com\/wp-content\/uploads\/2025\/06\/Logo-_Rea-agir_-avec-graphisme-ECG-1.png","width":1024,"height":1024,"caption":"r\u00e9a-agir.com"},"image":{"@id":"https:\/\/xn--ra-agir-bya.com\/#\/schema\/logo\/image\/"},"sameAs":["https:\/\/www.linkedin.com\/in\/nabila-guendouze-07801821"]}]}},"_links":{"self":[{"href":"https:\/\/xn--ra-agir-bya.com\/index.php?rest_route=\/wp\/v2\/pages\/504","targetHints":{"allow":["GET"]}}],"collection":[{"href":"https:\/\/xn--ra-agir-bya.com\/index.php?rest_route=\/wp\/v2\/pages"}],"about":[{"href":"https:\/\/xn--ra-agir-bya.com\/index.php?rest_route=\/wp\/v2\/types\/page"}],"author":[{"embeddable":true,"href":"https:\/\/xn--ra-agir-bya.com\/index.php?rest_route=\/wp\/v2\/users\/1"}],"replies":[{"embeddable":true,"href":"https:\/\/xn--ra-agir-bya.com\/index.php?rest_route=%2Fwp%2Fv2%2Fcomments&post=504"}],"version-history":[{"count":4,"href":"https:\/\/xn--ra-agir-bya.com\/index.php?rest_route=\/wp\/v2\/pages\/504\/revisions"}],"predecessor-version":[{"id":512,"href":"https:\/\/xn--ra-agir-bya.com\/index.php?rest_route=\/wp\/v2\/pages\/504\/revisions\/512"}],"wp:attachment":[{"href":"https:\/\/xn--ra-agir-bya.com\/index.php?rest_route=%2Fwp%2Fv2%2Fmedia&parent=504"}],"curies":[{"name":"wp","href":"https:\/\/api.w.org\/{rel}","templated":true}]}}